{"id":924,"date":"2022-03-20T23:07:13","date_gmt":"2022-03-20T23:07:13","guid":{"rendered":"https:\/\/catedravinculacionydesarrollo.es\/?page_id=924"},"modified":"2023-05-22T11:49:43","modified_gmt":"2023-05-22T11:49:43","slug":"i-premio-memoria-de-la-emigracion-espanola","status":"publish","type":"page","link":"https:\/\/catedravinculacionydesarrollo.es\/index.php\/i-premio-memoria-de-la-emigracion-espanola\/","title":{"rendered":"I Premio Memoria de la Emigraci\u00f3n Espa\u00f1ola"},"content":{"rendered":"\t\t<div data-elementor-type=\"wp-page\" data-elementor-id=\"924\" class=\"elementor elementor-924\" data-elementor-post-type=\"page\">\n\t\t\t\t\t\t<section class=\"elementor-section elementor-top-section elementor-element elementor-element-c58de92 elementor-section-boxed elementor-section-height-default elementor-section-height-default\" data-id=\"c58de92\" data-element_type=\"section\">\n\t\t\t\t\t\t<div class=\"elementor-container elementor-column-gap-default\">\n\t\t\t\t\t<div class=\"elementor-column elementor-col-100 elementor-top-column elementor-element elementor-element-bb97f3f\" data-id=\"bb97f3f\" data-element_type=\"column\">\n\t\t\t<div class=\"elementor-widget-wrap elementor-element-populated\">\n\t\t\t\t\t\t<div class=\"elementor-element elementor-element-0aa5d2e elementor-widget elementor-widget-image\" data-id=\"0aa5d2e\" data-element_type=\"widget\" data-widget_type=\"image.default\">\n\t\t\t\t<div class=\"elementor-widget-container\">\n\t\t\t<style>\/*! elementor - v3.22.0 - 17-06-2024 *\/\n.elementor-widget-image{text-align:center}.elementor-widget-image a{display:inline-block}.elementor-widget-image a img[src$=\".svg\"]{width:48px}.elementor-widget-image img{vertical-align:middle;display:inline-block}<\/style>\t\t\t\t\t\t\t\t\t\t<img fetchpriority=\"high\" decoding=\"async\" width=\"768\" height=\"548\" src=\"https:\/\/catedravinculacionydesarrollo.es\/wp-content\/uploads\/2022\/03\/Cartel-I-Premio_ESPAN\u0303A_Baja-768x548.jpg\" class=\"attachment-medium_large size-medium_large wp-image-927\" alt=\"\" srcset=\"https:\/\/catedravinculacionydesarrollo.es\/wp-content\/uploads\/2022\/03\/Cartel-I-Premio_ESPAN\u0303A_Baja-768x548.jpg 768w, https:\/\/catedravinculacionydesarrollo.es\/wp-content\/uploads\/2022\/03\/Cartel-I-Premio_ESPAN\u0303A_Baja-300x214.jpg 300w, https:\/\/catedravinculacionydesarrollo.es\/wp-content\/uploads\/2022\/03\/Cartel-I-Premio_ESPAN\u0303A_Baja-1024x731.jpg 1024w, https:\/\/catedravinculacionydesarrollo.es\/wp-content\/uploads\/2022\/03\/Cartel-I-Premio_ESPAN\u0303A_Baja-1536x1097.jpg 1536w, https:\/\/catedravinculacionydesarrollo.es\/wp-content\/uploads\/2022\/03\/Cartel-I-Premio_ESPAN\u0303A_Baja.jpg 1772w\" sizes=\"(max-width: 768px) 100vw, 768px\" \/>\t\t\t\t\t\t\t\t\t\t\t\t\t<\/div>\n\t\t\t\t<\/div>\n\t\t\t\t\t<\/div>\n\t\t<\/div>\n\t\t\t\t\t<\/div>\n\t\t<\/section>\n\t\t\t\t<section class=\"elementor-section elementor-top-section elementor-element elementor-element-ff3925c elementor-section-boxed elementor-section-height-default elementor-section-height-default\" data-id=\"ff3925c\" data-element_type=\"section\">\n\t\t\t\t\t\t<div class=\"elementor-container elementor-column-gap-default\">\n\t\t\t\t\t<div class=\"elementor-column elementor-col-100 elementor-top-column elementor-element elementor-element-2f7d573\" data-id=\"2f7d573\" data-element_type=\"column\">\n\t\t\t<div class=\"elementor-widget-wrap elementor-element-populated\">\n\t\t\t\t\t\t<div class=\"elementor-element elementor-element-567dc11 elementor-widget__width-initial elementor-widget elementor-widget-heading\" data-id=\"567dc11\" data-element_type=\"widget\" data-widget_type=\"heading.default\">\n\t\t\t\t<div class=\"elementor-widget-container\">\n\t\t\t<style>\/*! elementor - v3.22.0 - 17-06-2024 *\/\n.elementor-heading-title{padding:0;margin:0;line-height:1}.elementor-widget-heading .elementor-heading-title[class*=elementor-size-]>a{color:inherit;font-size:inherit;line-height:inherit}.elementor-widget-heading .elementor-heading-title.elementor-size-small{font-size:15px}.elementor-widget-heading .elementor-heading-title.elementor-size-medium{font-size:19px}.elementor-widget-heading .elementor-heading-title.elementor-size-large{font-size:29px}.elementor-widget-heading .elementor-heading-title.elementor-size-xl{font-size:39px}.elementor-widget-heading .elementor-heading-title.elementor-size-xxl{font-size:59px}<\/style><h2 class=\"elementor-heading-title elementor-size-default\"><h2 style=\"font-family: var( --e-global-typography-primary-font-family ), Sans-serif; font-weight: var( --e-global-typography-primary-font-weight ); color: rgb(92, 159, 56); text-align: center; white-space: normal;\">Entrevista de RTVE sobre Historias de vidas en tr\u00e1nsito<\/h2><\/h2>\t\t<\/div>\n\t\t\t\t<\/div>\n\t\t\t\t\t<\/div>\n\t\t<\/div>\n\t\t\t\t\t<\/div>\n\t\t<\/section>\n\t\t\t\t<section class=\"elementor-section elementor-top-section elementor-element elementor-element-50d6229 elementor-section-boxed elementor-section-height-default elementor-section-height-default\" data-id=\"50d6229\" data-element_type=\"section\">\n\t\t\t\t\t\t<div class=\"elementor-container elementor-column-gap-default\">\n\t\t\t\t\t<div class=\"elementor-column elementor-col-100 elementor-top-column elementor-element elementor-element-2a1d25d\" data-id=\"2a1d25d\" data-element_type=\"column\">\n\t\t\t<div class=\"elementor-widget-wrap elementor-element-populated\">\n\t\t\t\t\t\t<div class=\"elementor-element elementor-element-b63f47d elementor-widget elementor-widget-wp-widget-media_audio\" data-id=\"b63f47d\" data-element_type=\"widget\" data-widget_type=\"wp-widget-media_audio.default\">\n\t\t\t\t<div class=\"elementor-widget-container\">\n\t\t\t<!--[if lt IE 9]><script>document.createElement('audio');<\/script><![endif]-->\n<audio class=\"wp-audio-shortcode\" id=\"audio-924-1\" preload=\"none\" style=\"width: 100%;\" controls=\"controls\"><source type=\"audio\/mpeg\" src=\"https:\/\/catedravinculacionydesarrollo.es\/wp-content\/uploads\/2023\/05\/1684237368778.mp3?_=1\" \/><source type=\"audio\/mpeg\" src=\"http:\/\/catedravinculacionydesarrollo.es\/wp-content\/uploads\/2023\/05\/1684237368778.mp3?_=1\" \/><a href=\"https:\/\/catedravinculacionydesarrollo.es\/wp-content\/uploads\/2023\/05\/1684237368778.mp3\">https:\/\/catedravinculacionydesarrollo.es\/wp-content\/uploads\/2023\/05\/1684237368778.mp3<\/a><\/audio>\t\t<\/div>\n\t\t\t\t<\/div>\n\t\t\t\t\t<\/div>\n\t\t<\/div>\n\t\t\t\t\t<\/div>\n\t\t<\/section>\n\t\t\t\t<section class=\"elementor-section elementor-top-section elementor-element elementor-element-c59556c elementor-section-boxed elementor-section-height-default elementor-section-height-default\" data-id=\"c59556c\" data-element_type=\"section\">\n\t\t\t\t\t\t<div class=\"elementor-container elementor-column-gap-default\">\n\t\t\t\t\t<div class=\"elementor-column elementor-col-100 elementor-top-column elementor-element elementor-element-7cb9be0\" data-id=\"7cb9be0\" data-element_type=\"column\">\n\t\t\t<div class=\"elementor-widget-wrap elementor-element-populated\">\n\t\t\t\t\t\t<div class=\"elementor-element elementor-element-1d0307e elementor-widget elementor-widget-spacer\" data-id=\"1d0307e\" data-element_type=\"widget\" data-widget_type=\"spacer.default\">\n\t\t\t\t<div class=\"elementor-widget-container\">\n\t\t\t<style>\/*! elementor - v3.22.0 - 17-06-2024 *\/\n.elementor-column .elementor-spacer-inner{height:var(--spacer-size)}.e-con{--container-widget-width:100%}.e-con-inner>.elementor-widget-spacer,.e-con>.elementor-widget-spacer{width:var(--container-widget-width,var(--spacer-size));--align-self:var(--container-widget-align-self,initial);--flex-shrink:0}.e-con-inner>.elementor-widget-spacer>.elementor-widget-container,.e-con>.elementor-widget-spacer>.elementor-widget-container{height:100%;width:100%}.e-con-inner>.elementor-widget-spacer>.elementor-widget-container>.elementor-spacer,.e-con>.elementor-widget-spacer>.elementor-widget-container>.elementor-spacer{height:100%}.e-con-inner>.elementor-widget-spacer>.elementor-widget-container>.elementor-spacer>.elementor-spacer-inner,.e-con>.elementor-widget-spacer>.elementor-widget-container>.elementor-spacer>.elementor-spacer-inner{height:var(--container-widget-height,var(--spacer-size))}.e-con-inner>.elementor-widget-spacer.elementor-widget-empty,.e-con>.elementor-widget-spacer.elementor-widget-empty{position:relative;min-height:22px;min-width:22px}.e-con-inner>.elementor-widget-spacer.elementor-widget-empty .elementor-widget-empty-icon,.e-con>.elementor-widget-spacer.elementor-widget-empty .elementor-widget-empty-icon{position:absolute;top:0;bottom:0;left:0;right:0;margin:auto;padding:0;width:22px;height:22px}<\/style>\t\t<div class=\"elementor-spacer\">\n\t\t\t<div class=\"elementor-spacer-inner\"><\/div>\n\t\t<\/div>\n\t\t\t\t<\/div>\n\t\t\t\t<\/div>\n\t\t\t\t\t<\/div>\n\t\t<\/div>\n\t\t\t\t\t<\/div>\n\t\t<\/section>\n\t\t\t\t<section class=\"elementor-section elementor-top-section elementor-element elementor-element-68a262c elementor-section-boxed elementor-section-height-default elementor-section-height-default\" data-id=\"68a262c\" data-element_type=\"section\">\n\t\t\t\t\t\t<div class=\"elementor-container elementor-column-gap-default\">\n\t\t\t\t\t<div class=\"elementor-column elementor-col-100 elementor-top-column elementor-element elementor-element-20c534b\" data-id=\"20c534b\" data-element_type=\"column\">\n\t\t\t<div class=\"elementor-widget-wrap elementor-element-populated\">\n\t\t\t\t\t\t<div class=\"elementor-element elementor-element-676ba7f elementor-widget elementor-widget-text-editor\" data-id=\"676ba7f\" data-element_type=\"widget\" data-widget_type=\"text-editor.default\">\n\t\t\t\t<div class=\"elementor-widget-container\">\n\t\t\t<style>\/*! elementor - v3.22.0 - 17-06-2024 *\/\n.elementor-widget-text-editor.elementor-drop-cap-view-stacked .elementor-drop-cap{background-color:#69727d;color:#fff}.elementor-widget-text-editor.elementor-drop-cap-view-framed .elementor-drop-cap{color:#69727d;border:3px solid;background-color:transparent}.elementor-widget-text-editor:not(.elementor-drop-cap-view-default) .elementor-drop-cap{margin-top:8px}.elementor-widget-text-editor:not(.elementor-drop-cap-view-default) .elementor-drop-cap-letter{width:1em;height:1em}.elementor-widget-text-editor .elementor-drop-cap{float:left;text-align:center;line-height:1;font-size:50px}.elementor-widget-text-editor .elementor-drop-cap-letter{display:inline-block}<\/style>\t\t\t\t<h5><strong>* La organizaci\u00f3n ha decidido ampliar el plazo de recepci\u00f3n de trabajos hasta el 30 de noviembre de 2022.<\/strong><\/h5>\t\t\t\t\t\t<\/div>\n\t\t\t\t<\/div>\n\t\t\t\t\t<\/div>\n\t\t<\/div>\n\t\t\t\t\t<\/div>\n\t\t<\/section>\n\t\t\t\t<section class=\"elementor-section elementor-top-section elementor-element elementor-element-89d739d elementor-section-boxed elementor-section-height-default elementor-section-height-default\" data-id=\"89d739d\" data-element_type=\"section\">\n\t\t\t\t\t\t<div class=\"elementor-container elementor-column-gap-default\">\n\t\t\t\t\t<div class=\"elementor-column elementor-col-100 elementor-top-column elementor-element elementor-element-4d543a7\" data-id=\"4d543a7\" data-element_type=\"column\">\n\t\t\t<div class=\"elementor-widget-wrap elementor-element-populated\">\n\t\t\t\t\t\t<div class=\"elementor-element elementor-element-e4c31c7 elementor-widget elementor-widget-text-editor\" data-id=\"e4c31c7\" data-element_type=\"widget\" data-widget_type=\"text-editor.default\">\n\t\t\t\t<div class=\"elementor-widget-container\">\n\t\t\t\t\t\t\t<p>La UNED, en colaboraci\u00f3n con la C\u00e1tedra <em>Poblaci\u00f3n, Vinculaci\u00f3n y Desarrollo<\/em> del Centro de la UNED en Zamora, y el apoyo de la Secretar\u00eda de Estado de Migraciones del Ministerio de Inclusi\u00f3n, Seguridad Social y Migraciones, y la Secretar\u00eda General para el Reto Demogr\u00e1fico, del Ministerio para la Transici\u00f3n Ecol\u00f3gica y el Reto Demogr\u00e1fico, convoca el Premio<em> Memoria de la Emigraci\u00f3n Espa\u00f1ola<\/em> con el objeto de mantener y recuperar el testimonio de los emigrantes de nuestro pa\u00eds.<\/p><p>Espa\u00f1a es un pa\u00eds en el que el fen\u00f3meno migratorio ha sido intenso. Sus \u00e1reas rurales, as\u00ed como los espacios menos urbanizados e industrializados, han registrado las consecuencias m\u00e1s negativas de este proceso de movilizaci\u00f3n poblacional, repercutiendo en su preocupante situaci\u00f3n socio-econ\u00f3mica actual. A pesar de ello, las cifras que conforman los censos demogr\u00e1ficos no reflejan la verdadera realidad asociativa configurada por la \u201cpoblaci\u00f3n vinculada\u201d. Esta la conforman aquellos que, residiendo lejos de su lugar de origen, as\u00ed como sus descendientes, mantienen una conexi\u00f3n que fomenta el desarrollo local, ayuda a paliar los estragos del \u00e9xodo y, por ende, han de ser tenidos en consideraci\u00f3n como parte fundamental del devenir futuro de nuestro pa\u00eds.<\/p><p>Como respuesta, resulta necesario recuperar y mantener la \u201cmemoria\u201d individual y colectiva de los emigrantes, as\u00ed como sus mecanismos de relaci\u00f3n y cooperaci\u00f3n, cuyos testimonios, plasmados en cualquier soporte o formato (escrito, gr\u00e1fico, audiovisual), promuevan su conocimiento y conservaci\u00f3n, sirviendo al mismo tiempo como mecanismos de avance y progreso.<\/p><p>El trabajo realizado por la UNED de Zamora durante m\u00e1s de dos d\u00e9cadas, con la creaci\u00f3n del Centro de Estudios de la Emigraci\u00f3n Castellana y Leonesa y la convocatoria de siete ediciones del premio \u201cMemoria de la Emigraci\u00f3n Castellana y Leonesa\u201d, ha permitido conformar un importante acervo documental que debe sostenerse y ampliarse en lo posible. Estos premios contribuyen a esta tarea en la que es fundamental la participaci\u00f3n de los emigrantes y sus familias, pero tambi\u00e9n de las numerosas asociaciones de emigrantes fundadas en los diferentes pa\u00edses y regiones de acogida, que atesoran la memoria institucional de la emigraci\u00f3n y constituyen una parte muy significativa de la misma.<\/p><p>Recoger esa memoria, fomentarla, difundirla, archivarla y estudiarla supone un ejercicio de responsabilidad con nuestra historia m\u00e1s reciente, pero tambi\u00e9n con nuestro presente y nuestro futuro, a trav\u00e9s de la \u201cpoblaci\u00f3n vinculada\u201d, que sin duda es, y ser\u00e1, fundamental en el desarrollo de nuestro pa\u00eds.<\/p><p><strong>Reglamento y bases de participaci\u00f3n<\/strong><\/p><p>1\u00aa.- Pueden participar las personas, de cualquier edad y nacionalidad, que hayan nacido en Espa\u00f1a o sean descendientes de espa\u00f1oles (hasta tercer grado).<\/p><p>2\u00aa.- Los trabajos presentados deben se originales e in\u00e9ditos y dar testimonio de recuerdos y vivencias de la migraci\u00f3n, bien sea transoce\u00e1nica (principalmente a Am\u00e9rica), continental (a los pa\u00edses europeos) o interior (a otras regiones espa\u00f1olas).<\/p><p>3\u00aa.- Los originales, acompa\u00f1ados del correspondiente formulario de participaci\u00f3n, debidamente cumplimentado y firmado, se remitir\u00e1n por correo postal o electr\u00f3nico, al Centro de la UNED de Zamora-<em>C\u00e1tedra Poblaci\u00f3n, Vinculaci\u00f3n y Desarrollo<\/em> (C\/ San Torcuato, 43. 49014 Zamora. Espa\u00f1a. Telf.: +34 980 52 83 99. Fax: +34 980 51 21 81. E-mail: info.catedra@zamora.uned.es). Se indicar\u00e1 en el sobre o en el encabezamiento del e-mail &#8220;Premio Memoria de la Emigraci\u00f3n Espa\u00f1ola&#8221; y el n\u00famero de obras y\/o materiales que incluye. Cada obra presentada al premio vendr\u00e1 acompa\u00f1ada de un formulario independiente. No se admitir\u00e1 ning\u00fan tipo de correcci\u00f3n una vez enviada la obra.<\/p><p>4\u00aa.- La ausencia de formulario o las carencias graves en su cumplimentaci\u00f3n podr\u00e1n ser causa suficiente para rechazar la admisi\u00f3n a concurso de un participante.<\/p><p>5\u00aa.- El plazo de admisi\u00f3n de originales concluye el 15 de noviembre de 2022 y el fallo se emitir\u00e1 en el marco de los actos del 50 Aniversario de la UNED.<\/p><p>6\u00aa.- El jurado estar\u00e1 formado por profesionales de diferentes \u00e1mbitos elegidos por la UNED y la C\u00e1tedra <em>Poblaci\u00f3n, Vinculaci\u00f3n y Desarrollo<\/em> del Centro de la UNED en Zamora, quienes conformar\u00e1n un comit\u00e9 para la valoraci\u00f3n de las obras presentadas.<\/p><p>7\u00aa.- El jurado considerar\u00e1 la naturalidad y la sinceridad de los testimonios, as\u00ed como el inter\u00e9s de la informaci\u00f3n etnogr\u00e1fica, hist\u00f3rica o social que aporten. As\u00ed mismo recomendar\u00e1 la publicaci\u00f3n de las obras que considere oportunas siendo responsabilidad de las entidades organizadoras la gesti\u00f3n de las correspondientes ediciones. La participaci\u00f3n en esta convocatoria comporta la cesi\u00f3n de los derechos de difusi\u00f3n de las obras presentadas, sin reservas ni excepciones.<\/p><p>8\u00aa.- Si lo considera oportuno, el jurado podr\u00e1 conceder un primer premio dotado con 1.500 \u20ac mas un acc\u00e9sit de 500 \u20ac por cada una de las modalidades. Los premios de cualquiera de las modalidades podr\u00e1n quedar desiertos si el jurado lo estima oportuno. Su fallo ser\u00e1 inapelable.<\/p><p>9\u00aa.- En todos los casos el participante firmar\u00e1 la declaraci\u00f3n jurada incluida en el formulario de participaci\u00f3n de ser propietario y\/o tener los derechos de reproducci\u00f3n de los materiales presentados, o cualquier otro justificante equivalente y suficiente de las circunstancias anteriores. Las entidades convocantes quedar\u00e1n eximidas de cualquier responsabilidad derivada de la falsedad de los datos correspondientes a la autor\u00eda, propiedad y posesi\u00f3n de los derechos de reproducci\u00f3n de los materiales presentados.<\/p><p>10\u00aa.- Los materiales recibidos pasar\u00e1n a formar parte de la C\u00e1tedra <em>Poblaci\u00f3n, Vinculaci\u00f3n y Desarrollo<\/em> del Centro de la UNED de Zamora, donde ser\u00e1n catalogados y custodiados. Esta entidad establecer\u00e1 las condiciones de exhibici\u00f3n, reproducci\u00f3n y conservaci\u00f3n, as\u00ed como el acceso de los investigadores a su contenido, de acuerdo con el permiso expresado por los autores en el formulario de participaci\u00f3n.<\/p><p>11\u00aa.- En la presente edici\u00f3n se incluyen las siguientes categor\u00edas:<\/p><ul><li>A.-<b> Modalidad de relatos autobiogr\u00e1ficos<br \/><\/b>Relatos no novelados (narraciones sobre la vida del autor o de su familia), in\u00e9ditos, que pueden incluir fotograf\u00edas o documentos. Los textos se presentar\u00e1n manuscritos, mecanografiados o impresos, a ser posible con copia digital tanto del texto como de los materiales que lo acompa\u00f1en, con una extensi\u00f3n m\u00ednima de 5 p\u00e1ginas de texto. Se valorar\u00e1 que se incluya documentaci\u00f3n, fotograf\u00edas y cualquier otro anexo documental que enriquezca el texto.<\/li><li>B.-<b> Modalidad de cartas o epistolarios<br \/><\/b>Epistolarios compuestos por un m\u00ednimo de cinco cartas enviadas o recibidas por personas nacidas en Espa\u00f1a (o descendientes de espa\u00f1oles), que traten de alguna forma la experiencia vital de los emigrantes. Los epistolarios vendr\u00e1n acompa\u00f1ados de un texto que explique las circunstancias en que las cartas fueron escritas y recibidas, as\u00ed como su conservaci\u00f3n hasta la actualidad. Como en los casos anteriores, se pueden entregar originales, reproducciones o copias digitales en calidad suficiente para su \u00f3ptima reproducci\u00f3n.<\/li><li>C.- <b>Modalidad de \u00e1lbumes y colecciones de fotograf\u00edas<br \/><\/b>Colecciones con un m\u00ednimo de diez fotograf\u00edas originales o reproducciones \u00f3ptimas de las mismas -especialmente si no son las originales-. Se incluir\u00e1 un breve texto explicativo de cada fotograf\u00eda indicando en la medida de lo posible lugar, fecha, personas y contexto de las mismas.<\/li><li>D.- <b>Modalidad de materiales audiovisuales<br \/><\/b>Grabaciones dom\u00e9sticas o documentales, incluso entrevistas realizadas a emigrantes, en cualquier formato o soporte reproducible en la actualidad, con una duraci\u00f3n m\u00e1xima de 120 minutos. Deber\u00e1 incluirse un resumen o gui\u00f3n del contenido de la grabaci\u00f3n. Esta modalidad tambi\u00e9n incluye la recuperaci\u00f3n de pel\u00edculas, filmes o grabaciones de \u00e9poca, mudas o sonoras, bien particulares de emigrantes, bien de las asociaciones y centros espa\u00f1oles. Se acompa\u00f1ar\u00e1n de una ficha completa de su origen y contenido, as\u00ed como una breve memoria del proceso de recuperaci\u00f3n.<\/li><\/ul><p>12\u00aa.- Premio Especial \u201cMemoria institucional de la emigraci\u00f3n espa\u00f1ola\u201d.<\/p><p>Se convoca un premio especial para relatos o documentales que plasmen la historia de las asociaciones y centros de emigrantes espa\u00f1oles, tanto en Espa\u00f1a como en el exterior, como reflejo de la memoria institucional de la emigraci\u00f3n. Podr\u00e1n participar autores individuales o colectivos. En el caso de los relatos tendr\u00e1n una extensi\u00f3n m\u00ednima de 25 p\u00e1ginas (incluyendo anexos documentales y\/o fotogr\u00e1ficos). Los documentales deber\u00e1n tener una duraci\u00f3n m\u00ednima de 15 minutos. Se valorar\u00e1 que se incluya documentaci\u00f3n, fotograf\u00edas y cualquier otro anexo documental que enriquezca el relato y\/o el documental. Para su presentaci\u00f3n a esta convocatoria se requerir\u00e1 el acuerdo o autorizaci\u00f3n de la asociaci\u00f3n que deber\u00e1 adjuntarse a la documentaci\u00f3n presentada. Se establece un premio de 1.500 \u20ac y un acc\u00e9sit de 500 \u20ac.<\/p><p>13\u00aa.- La participaci\u00f3n implica la aceptaci\u00f3n de estas bases, quedando la organizaci\u00f3n facultada para resolver cualquier contingencia no prevista en las mismas.<\/p>\t\t\t\t\t\t<\/div>\n\t\t\t\t<\/div>\n\t\t\t\t\t<\/div>\n\t\t<\/div>\n\t\t\t\t\t<\/div>\n\t\t<\/section>\n\t\t\t\t<section class=\"elementor-section elementor-top-section elementor-element elementor-element-85b46c4 elementor-section-boxed elementor-section-height-default elementor-section-height-default\" data-id=\"85b46c4\" data-element_type=\"section\">\n\t\t\t\t\t\t<div class=\"elementor-container elementor-column-gap-default\">\n\t\t\t\t\t<div class=\"elementor-column elementor-col-100 elementor-top-column elementor-element elementor-element-edee049\" data-id=\"edee049\" data-element_type=\"column\">\n\t\t\t<div class=\"elementor-widget-wrap elementor-element-populated\">\n\t\t\t\t\t\t<div class=\"elementor-element elementor-element-f1b2aef elementor-widget elementor-widget-heading\" data-id=\"f1b2aef\" data-element_type=\"widget\" data-widget_type=\"heading.default\">\n\t\t\t\t<div class=\"elementor-widget-container\">\n\t\t\t<h2 class=\"elementor-heading-title elementor-size-default\"><a href=\"https:\/\/extension.uned.es\/archivos_publicos\/webex_actividades\/26520\/tripticoipremiomemoriadelaemigracionespanola.pdf\">Tr\u00edptico y formulario de participaci\u00f3n<\/a><\/h2>\t\t<\/div>\n\t\t\t\t<\/div>\n\t\t\t\t\t<\/div>\n\t\t<\/div>\n\t\t\t\t\t<\/div>\n\t\t<\/section>\n\t\t\t\t<section class=\"elementor-section elementor-top-section elementor-element elementor-element-4442c17 elementor-section-boxed elementor-section-height-default elementor-section-height-default\" data-id=\"4442c17\" data-element_type=\"section\">\n\t\t\t\t\t\t<div class=\"elementor-container elementor-column-gap-default\">\n\t\t\t\t\t<div class=\"elementor-column elementor-col-100 elementor-top-column elementor-element elementor-element-e3a620f\" data-id=\"e3a620f\" data-element_type=\"column\">\n\t\t\t<div class=\"elementor-widget-wrap elementor-element-populated\">\n\t\t\t\t\t\t<div class=\"elementor-element elementor-element-ec36154 elementor-widget elementor-widget-spacer\" data-id=\"ec36154\" data-element_type=\"widget\" data-widget_type=\"spacer.default\">\n\t\t\t\t<div class=\"elementor-widget-container\">\n\t\t\t\t\t<div class=\"elementor-spacer\">\n\t\t\t<div class=\"elementor-spacer-inner\"><\/div>\n\t\t<\/div>\n\t\t\t\t<\/div>\n\t\t\t\t<\/div>\n\t\t\t\t\t<\/div>\n\t\t<\/div>\n\t\t\t\t\t<\/div>\n\t\t<\/section>\n\t\t\t\t<\/div>\n\t\t","protected":false},"excerpt":{"rendered":"<p>Entrevista de RTVE sobre Historias de vidas en tr\u00e1nsito * La organizaci\u00f3n ha decidido ampliar el plazo de recepci\u00f3n de trabajos hasta el 30 de noviembre de 2022. La UNED, en colaboraci\u00f3n con la C\u00e1tedra Poblaci\u00f3n, Vinculaci\u00f3n y Desarrollo del Centro de la UNED en Zamora, y el apoyo de la Secretar\u00eda de Estado de [&hellip;]<\/p>\n","protected":false},"author":2,"featured_media":0,"parent":0,"menu_order":0,"comment_status":"closed","ping_status":"closed","template":"","meta":{"footnotes":""},"_links":{"self":[{"href":"https:\/\/catedravinculacionydesarrollo.es\/index.php\/wp-json\/wp\/v2\/pages\/924"}],"collection":[{"href":"https:\/\/catedravinculacionydesarrollo.es\/index.php\/wp-json\/wp\/v2\/pages"}],"about":[{"href":"https:\/\/catedravinculacionydesarrollo.es\/index.php\/wp-json\/wp\/v2\/types\/page"}],"author":[{"embeddable":true,"href":"https:\/\/catedravinculacionydesarrollo.es\/index.php\/wp-json\/wp\/v2\/users\/2"}],"replies":[{"embeddable":true,"href":"https:\/\/catedravinculacionydesarrollo.es\/index.php\/wp-json\/wp\/v2\/comments?post=924"}],"version-history":[{"count":34,"href":"https:\/\/catedravinculacionydesarrollo.es\/index.php\/wp-json\/wp\/v2\/pages\/924\/revisions"}],"predecessor-version":[{"id":1604,"href":"https:\/\/catedravinculacionydesarrollo.es\/index.php\/wp-json\/wp\/v2\/pages\/924\/revisions\/1604"}],"wp:attachment":[{"href":"https:\/\/catedravinculacionydesarrollo.es\/index.php\/wp-json\/wp\/v2\/media?parent=924"}],"curies":[{"name":"wp","href":"https:\/\/api.w.org\/{rel}","templated":true}]}}