{"id":500,"date":"2021-12-03T19:50:30","date_gmt":"2021-12-03T19:50:30","guid":{"rendered":"https:\/\/catedravinculacionydesarrollo.es\/?page_id=500"},"modified":"2021-12-06T17:20:24","modified_gmt":"2021-12-06T17:20:24","slug":"formacion-y-divulgacion","status":"publish","type":"page","link":"https:\/\/catedravinculacionydesarrollo.es\/index.php\/formacion-y-divulgacion\/","title":{"rendered":"Formaci\u00f3n y divulgaci\u00f3n"},"content":{"rendered":"\t\t<div data-elementor-type=\"wp-page\" data-elementor-id=\"500\" class=\"elementor elementor-500\" data-elementor-post-type=\"page\">\n\t\t\t\t\t\t<section class=\"elementor-section elementor-top-section elementor-element elementor-element-53e786c elementor-section-boxed elementor-section-height-default elementor-section-height-default\" data-id=\"53e786c\" data-element_type=\"section\">\n\t\t\t\t\t\t<div class=\"elementor-container elementor-column-gap-default\">\n\t\t\t\t\t<div class=\"elementor-column elementor-col-100 elementor-top-column elementor-element elementor-element-6a2050d\" data-id=\"6a2050d\" data-element_type=\"column\">\n\t\t\t<div class=\"elementor-widget-wrap\">\n\t\t\t\t\t\t\t<\/div>\n\t\t<\/div>\n\t\t\t\t\t<\/div>\n\t\t<\/section>\n\t\t\t\t<section class=\"elementor-section elementor-top-section elementor-element elementor-element-ed500e1 elementor-section-boxed elementor-section-height-default elementor-section-height-default\" data-id=\"ed500e1\" data-element_type=\"section\">\n\t\t\t\t\t\t<div class=\"elementor-container elementor-column-gap-default\">\n\t\t\t\t\t<div class=\"elementor-column elementor-col-100 elementor-top-column elementor-element elementor-element-f7e5aea\" data-id=\"f7e5aea\" data-element_type=\"column\">\n\t\t\t<div class=\"elementor-widget-wrap elementor-element-populated\">\n\t\t\t\t\t\t<div class=\"elementor-element elementor-element-035b2c3 elementor-widget elementor-widget-spacer\" data-id=\"035b2c3\" data-element_type=\"widget\" data-widget_type=\"spacer.default\">\n\t\t\t\t<div class=\"elementor-widget-container\">\n\t\t\t<style>\/*! elementor - v3.22.0 - 17-06-2024 *\/\n.elementor-column .elementor-spacer-inner{height:var(--spacer-size)}.e-con{--container-widget-width:100%}.e-con-inner>.elementor-widget-spacer,.e-con>.elementor-widget-spacer{width:var(--container-widget-width,var(--spacer-size));--align-self:var(--container-widget-align-self,initial);--flex-shrink:0}.e-con-inner>.elementor-widget-spacer>.elementor-widget-container,.e-con>.elementor-widget-spacer>.elementor-widget-container{height:100%;width:100%}.e-con-inner>.elementor-widget-spacer>.elementor-widget-container>.elementor-spacer,.e-con>.elementor-widget-spacer>.elementor-widget-container>.elementor-spacer{height:100%}.e-con-inner>.elementor-widget-spacer>.elementor-widget-container>.elementor-spacer>.elementor-spacer-inner,.e-con>.elementor-widget-spacer>.elementor-widget-container>.elementor-spacer>.elementor-spacer-inner{height:var(--container-widget-height,var(--spacer-size))}.e-con-inner>.elementor-widget-spacer.elementor-widget-empty,.e-con>.elementor-widget-spacer.elementor-widget-empty{position:relative;min-height:22px;min-width:22px}.e-con-inner>.elementor-widget-spacer.elementor-widget-empty .elementor-widget-empty-icon,.e-con>.elementor-widget-spacer.elementor-widget-empty .elementor-widget-empty-icon{position:absolute;top:0;bottom:0;left:0;right:0;margin:auto;padding:0;width:22px;height:22px}<\/style>\t\t<div class=\"elementor-spacer\">\n\t\t\t<div class=\"elementor-spacer-inner\"><\/div>\n\t\t<\/div>\n\t\t\t\t<\/div>\n\t\t\t\t<\/div>\n\t\t\t\t\t<\/div>\n\t\t<\/div>\n\t\t\t\t\t<\/div>\n\t\t<\/section>\n\t\t\t\t<section class=\"elementor-section elementor-top-section elementor-element elementor-element-55c0dde elementor-section-boxed elementor-section-height-default elementor-section-height-default\" data-id=\"55c0dde\" data-element_type=\"section\">\n\t\t\t\t\t\t<div class=\"elementor-container elementor-column-gap-default\">\n\t\t\t\t\t<div class=\"elementor-column elementor-col-100 elementor-top-column elementor-element elementor-element-6128b3e\" data-id=\"6128b3e\" data-element_type=\"column\">\n\t\t\t<div class=\"elementor-widget-wrap elementor-element-populated\">\n\t\t\t\t\t\t<div class=\"elementor-element elementor-element-d9659fd elementor-widget elementor-widget-heading\" data-id=\"d9659fd\" data-element_type=\"widget\" data-widget_type=\"heading.default\">\n\t\t\t\t<div class=\"elementor-widget-container\">\n\t\t\t<style>\/*! elementor - v3.22.0 - 17-06-2024 *\/\n.elementor-heading-title{padding:0;margin:0;line-height:1}.elementor-widget-heading .elementor-heading-title[class*=elementor-size-]>a{color:inherit;font-size:inherit;line-height:inherit}.elementor-widget-heading .elementor-heading-title.elementor-size-small{font-size:15px}.elementor-widget-heading .elementor-heading-title.elementor-size-medium{font-size:19px}.elementor-widget-heading .elementor-heading-title.elementor-size-large{font-size:29px}.elementor-widget-heading .elementor-heading-title.elementor-size-xl{font-size:39px}.elementor-widget-heading .elementor-heading-title.elementor-size-xxl{font-size:59px}<\/style><h2 class=\"elementor-heading-title elementor-size-default\">Formaci\u00f3n y Divulgaci\u00f3n<\/h2>\t\t<\/div>\n\t\t\t\t<\/div>\n\t\t\t\t\t<\/div>\n\t\t<\/div>\n\t\t\t\t\t<\/div>\n\t\t<\/section>\n\t\t\t\t<section class=\"elementor-section elementor-top-section elementor-element elementor-element-b818910 elementor-section-boxed elementor-section-height-default elementor-section-height-default\" data-id=\"b818910\" data-element_type=\"section\">\n\t\t\t\t\t\t<div class=\"elementor-container elementor-column-gap-default\">\n\t\t\t\t\t<div class=\"elementor-column elementor-col-100 elementor-top-column elementor-element elementor-element-66ca0f6\" data-id=\"66ca0f6\" data-element_type=\"column\">\n\t\t\t<div class=\"elementor-widget-wrap elementor-element-populated\">\n\t\t\t\t\t\t<div class=\"elementor-element elementor-element-c470ca3 elementor-widget elementor-widget-text-editor\" data-id=\"c470ca3\" data-element_type=\"widget\" data-widget_type=\"text-editor.default\">\n\t\t\t\t<div class=\"elementor-widget-container\">\n\t\t\t<style>\/*! elementor - v3.22.0 - 17-06-2024 *\/\n.elementor-widget-text-editor.elementor-drop-cap-view-stacked .elementor-drop-cap{background-color:#69727d;color:#fff}.elementor-widget-text-editor.elementor-drop-cap-view-framed .elementor-drop-cap{color:#69727d;border:3px solid;background-color:transparent}.elementor-widget-text-editor:not(.elementor-drop-cap-view-default) .elementor-drop-cap{margin-top:8px}.elementor-widget-text-editor:not(.elementor-drop-cap-view-default) .elementor-drop-cap-letter{width:1em;height:1em}.elementor-widget-text-editor .elementor-drop-cap{float:left;text-align:center;line-height:1;font-size:50px}.elementor-widget-text-editor .elementor-drop-cap-letter{display:inline-block}<\/style>\t\t\t\t<ol><li>Actividades culturales y de formaci\u00f3n para y con la poblaci\u00f3n mayor (avaladas por el programa <em>UNED Senior<\/em>, del \u00e1rea de Extensi\u00f3n Universitaria del Centro Asociado de la UNED en Zamora).<\/li><li>Significaci\u00f3n y dinamizaci\u00f3n de los sectores agroalimentarios de la provincia, en especial del sector ovino (queso y lechal) y el vitivin\u00edcola (avalado por la experiencia de m\u00e1s de 30 a\u00f1os de encuentros sobre el sector vitivin\u00edcola y 15 ediciones de los encuentros <em>Duero\/Douro, patrimonio com\u00fan<\/em>),<\/li><li>Puesta en valor de los activos patrimoniales -culturales y naturales- del entorno (avalada por la experiencia de m\u00e1s de 15 ediciones del curso <em>Rom\u00e1nico en Zamora<\/em> \/ <em>Arte en Zamora<\/em>).<\/li><li>Formaci\u00f3n e informaci\u00f3n sobre la estructura del turismo rural (en colaboraci\u00f3n con el Grado en Turismo de la UNED). T\u00edtulo propio de la UNED sobre formaci\u00f3n b\u00e1sica para la gesti\u00f3n y promoci\u00f3n del turismo rural.<\/li><li>Formaci\u00f3n sobre las TICs y los sistemas de comunicaci\u00f3n telem\u00e1tica que facilite el acceso a la amplia oferta cultural y educativa del Centro Asociado de la UNED en Zamora, as\u00ed como la integraci\u00f3n y participaci\u00f3n activa en los canales de comunicaci\u00f3n de la poblaci\u00f3n vinculada.<\/li><li>En definitiva, acciones que sirvan para implementar la vinculaci\u00f3n de esa poblaci\u00f3n zamorana y castellano-leonesa en el exterior, que generen sinergias que contribuyan al desarrollo econ\u00f3mico, social y cultural de nuestra provincia y nuestra regi\u00f3n.<\/li><\/ol>\t\t\t\t\t\t<\/div>\n\t\t\t\t<\/div>\n\t\t\t\t\t<\/div>\n\t\t<\/div>\n\t\t\t\t\t<\/div>\n\t\t<\/section>\n\t\t\t\t<\/div>\n\t\t","protected":false},"excerpt":{"rendered":"<p>Formaci\u00f3n y Divulgaci\u00f3n Actividades culturales y de formaci\u00f3n para y con la poblaci\u00f3n mayor (avaladas por el programa UNED Senior, del \u00e1rea de Extensi\u00f3n Universitaria del Centro Asociado de la UNED en Zamora). Significaci\u00f3n y dinamizaci\u00f3n de los sectores agroalimentarios de la provincia, en especial del sector ovino (queso y lechal) y el vitivin\u00edcola (avalado [&hellip;]<\/p>\n","protected":false},"author":2,"featured_media":0,"parent":0,"menu_order":0,"comment_status":"closed","ping_status":"closed","template":"","meta":{"footnotes":""},"_links":{"self":[{"href":"https:\/\/catedravinculacionydesarrollo.es\/index.php\/wp-json\/wp\/v2\/pages\/500"}],"collection":[{"href":"https:\/\/catedravinculacionydesarrollo.es\/index.php\/wp-json\/wp\/v2\/pages"}],"about":[{"href":"https:\/\/catedravinculacionydesarrollo.es\/index.php\/wp-json\/wp\/v2\/types\/page"}],"author":[{"embeddable":true,"href":"https:\/\/catedravinculacionydesarrollo.es\/index.php\/wp-json\/wp\/v2\/users\/2"}],"replies":[{"embeddable":true,"href":"https:\/\/catedravinculacionydesarrollo.es\/index.php\/wp-json\/wp\/v2\/comments?post=500"}],"version-history":[{"count":10,"href":"https:\/\/catedravinculacionydesarrollo.es\/index.php\/wp-json\/wp\/v2\/pages\/500\/revisions"}],"predecessor-version":[{"id":685,"href":"https:\/\/catedravinculacionydesarrollo.es\/index.php\/wp-json\/wp\/v2\/pages\/500\/revisions\/685"}],"wp:attachment":[{"href":"https:\/\/catedravinculacionydesarrollo.es\/index.php\/wp-json\/wp\/v2\/media?parent=500"}],"curies":[{"name":"wp","href":"https:\/\/api.w.org\/{rel}","templated":true}]}}