{"id":498,"date":"2021-12-03T19:48:51","date_gmt":"2021-12-03T19:48:51","guid":{"rendered":"https:\/\/catedravinculacionydesarrollo.es\/?page_id=498"},"modified":"2024-11-20T18:46:38","modified_gmt":"2024-11-20T18:46:38","slug":"estructura-de-la-catedra","status":"publish","type":"page","link":"https:\/\/catedravinculacionydesarrollo.es\/index.php\/estructura-de-la-catedra\/","title":{"rendered":"Estructura de la C\u00e1tedra"},"content":{"rendered":"\t\t<div data-elementor-type=\"wp-page\" data-elementor-id=\"498\" class=\"elementor elementor-498\" data-elementor-post-type=\"page\">\n\t\t\t\t\t\t<section class=\"elementor-section elementor-top-section elementor-element elementor-element-210bccf elementor-section-boxed elementor-section-height-default elementor-section-height-default\" data-id=\"210bccf\" data-element_type=\"section\">\n\t\t\t\t\t\t<div class=\"elementor-container elementor-column-gap-default\">\n\t\t\t\t\t<div class=\"elementor-column elementor-col-100 elementor-top-column elementor-element elementor-element-b846668\" data-id=\"b846668\" data-element_type=\"column\">\n\t\t\t<div class=\"elementor-widget-wrap elementor-element-populated\">\n\t\t\t\t\t\t<div class=\"elementor-element elementor-element-679037f elementor-widget elementor-widget-spacer\" data-id=\"679037f\" data-element_type=\"widget\" data-widget_type=\"spacer.default\">\n\t\t\t\t<div class=\"elementor-widget-container\">\n\t\t\t<style>\/*! elementor - v3.22.0 - 17-06-2024 *\/\n.elementor-column .elementor-spacer-inner{height:var(--spacer-size)}.e-con{--container-widget-width:100%}.e-con-inner>.elementor-widget-spacer,.e-con>.elementor-widget-spacer{width:var(--container-widget-width,var(--spacer-size));--align-self:var(--container-widget-align-self,initial);--flex-shrink:0}.e-con-inner>.elementor-widget-spacer>.elementor-widget-container,.e-con>.elementor-widget-spacer>.elementor-widget-container{height:100%;width:100%}.e-con-inner>.elementor-widget-spacer>.elementor-widget-container>.elementor-spacer,.e-con>.elementor-widget-spacer>.elementor-widget-container>.elementor-spacer{height:100%}.e-con-inner>.elementor-widget-spacer>.elementor-widget-container>.elementor-spacer>.elementor-spacer-inner,.e-con>.elementor-widget-spacer>.elementor-widget-container>.elementor-spacer>.elementor-spacer-inner{height:var(--container-widget-height,var(--spacer-size))}.e-con-inner>.elementor-widget-spacer.elementor-widget-empty,.e-con>.elementor-widget-spacer.elementor-widget-empty{position:relative;min-height:22px;min-width:22px}.e-con-inner>.elementor-widget-spacer.elementor-widget-empty .elementor-widget-empty-icon,.e-con>.elementor-widget-spacer.elementor-widget-empty .elementor-widget-empty-icon{position:absolute;top:0;bottom:0;left:0;right:0;margin:auto;padding:0;width:22px;height:22px}<\/style>\t\t<div class=\"elementor-spacer\">\n\t\t\t<div class=\"elementor-spacer-inner\"><\/div>\n\t\t<\/div>\n\t\t\t\t<\/div>\n\t\t\t\t<\/div>\n\t\t\t\t\t<\/div>\n\t\t<\/div>\n\t\t\t\t\t<\/div>\n\t\t<\/section>\n\t\t\t\t<section class=\"elementor-section elementor-top-section elementor-element elementor-element-216449d elementor-section-boxed elementor-section-height-default elementor-section-height-default\" data-id=\"216449d\" data-element_type=\"section\">\n\t\t\t\t\t\t<div class=\"elementor-container elementor-column-gap-default\">\n\t\t\t\t\t<div class=\"elementor-column elementor-col-100 elementor-top-column elementor-element elementor-element-f7d99d3\" data-id=\"f7d99d3\" data-element_type=\"column\">\n\t\t\t<div class=\"elementor-widget-wrap elementor-element-populated\">\n\t\t\t\t\t\t<div class=\"elementor-element elementor-element-c679ae7 elementor-widget elementor-widget-heading\" data-id=\"c679ae7\" data-element_type=\"widget\" data-widget_type=\"heading.default\">\n\t\t\t\t<div class=\"elementor-widget-container\">\n\t\t\t<style>\/*! elementor - v3.22.0 - 17-06-2024 *\/\n.elementor-heading-title{padding:0;margin:0;line-height:1}.elementor-widget-heading .elementor-heading-title[class*=elementor-size-]>a{color:inherit;font-size:inherit;line-height:inherit}.elementor-widget-heading .elementor-heading-title.elementor-size-small{font-size:15px}.elementor-widget-heading .elementor-heading-title.elementor-size-medium{font-size:19px}.elementor-widget-heading .elementor-heading-title.elementor-size-large{font-size:29px}.elementor-widget-heading .elementor-heading-title.elementor-size-xl{font-size:39px}.elementor-widget-heading .elementor-heading-title.elementor-size-xxl{font-size:59px}<\/style><h2 class=\"elementor-heading-title elementor-size-default\">Estructura de la C\u00e1tedra<\/h2>\t\t<\/div>\n\t\t\t\t<\/div>\n\t\t\t\t\t<\/div>\n\t\t<\/div>\n\t\t\t\t\t<\/div>\n\t\t<\/section>\n\t\t\t\t<section class=\"elementor-section elementor-top-section elementor-element elementor-element-021cffa elementor-section-boxed elementor-section-height-default elementor-section-height-default\" data-id=\"021cffa\" data-element_type=\"section\">\n\t\t\t\t\t\t<div class=\"elementor-container elementor-column-gap-default\">\n\t\t\t\t\t<div class=\"elementor-column elementor-col-100 elementor-top-column elementor-element elementor-element-47394b6\" data-id=\"47394b6\" data-element_type=\"column\">\n\t\t\t<div class=\"elementor-widget-wrap elementor-element-populated\">\n\t\t\t\t\t\t<div class=\"elementor-element elementor-element-bf19bff elementor-widget elementor-widget-text-editor\" data-id=\"bf19bff\" data-element_type=\"widget\" data-widget_type=\"text-editor.default\">\n\t\t\t\t<div class=\"elementor-widget-container\">\n\t\t\t<style>\/*! elementor - v3.22.0 - 17-06-2024 *\/\n.elementor-widget-text-editor.elementor-drop-cap-view-stacked .elementor-drop-cap{background-color:#69727d;color:#fff}.elementor-widget-text-editor.elementor-drop-cap-view-framed .elementor-drop-cap{color:#69727d;border:3px solid;background-color:transparent}.elementor-widget-text-editor:not(.elementor-drop-cap-view-default) .elementor-drop-cap{margin-top:8px}.elementor-widget-text-editor:not(.elementor-drop-cap-view-default) .elementor-drop-cap-letter{width:1em;height:1em}.elementor-widget-text-editor .elementor-drop-cap{float:left;text-align:center;line-height:1;font-size:50px}.elementor-widget-text-editor .elementor-drop-cap-letter{display:inline-block}<\/style>\t\t\t\t<p>La c\u00e1tedra se trata de un proyecto abierto e inclusivo, cuya consecuci\u00f3n de sus objetivos se pretenden alcanzar con la complementaria colaboraci\u00f3n de diferentes instituciones y entidades p\u00fablicas y privadas localizadas en su \u00e1mbito geogr\u00e1fico de estudio.<\/p><p>Entidades p\u00fablicas y empresas que ya se han integrado en la c\u00e1tedra <em>Poblaci\u00f3n, Vinculaci\u00f3n y Desarrollo<\/em>:<\/p><ul><li>Universidad Nacional de Educaci\u00f3n a Distancia (UNED).<\/li><li>Centro Asociado de la UNED en Zamora.<\/li><li>Diputaci\u00f3n Provincial de Zamora.<\/li><li>Ayuntamiento de Zamora.<\/li><li>Ayuntamiento de Benavente.<\/li><li>Ayuntamiento de Puebla de Sanabria.<\/li><li>Fundaci\u00f3n Cient\u00edfica Caja Rural de Zamora.<\/li><li>Sociedad Cooperativa Limitada Bajo Duero (COBADU).<\/li><li>Consorcio de Promoci\u00f3n del Ovino S. C.<\/li><li>Leche Gaza S.L.<\/li><li>Sociedad Cooperativa ASOVINO.<\/li><li>Ibere\u00f3lica Renovables S.L.<\/li><li>Iberdrola, S.A.<\/li><\/ul><div>\u00a0<\/div><p>La c\u00e1tedra est\u00e1 dirigida por el Profesor Juan Andr\u00e9s Blanco Rodr\u00edguez, Catedr\u00e1tico de Historia Contempor\u00e1nea, durante a\u00f1os Director del Centro Asociado de la UNED de Zamora, siendo su Secretario General T\u00e9cnico D. Jos\u00e9 Delgado \u00c1lvarez, Dr. en Geograf\u00eda. El equipo de investigaci\u00f3n que durante a\u00f1os ha trabajado con el Profesor Blanco sobre poblaci\u00f3n, emigraci\u00f3n y vinculaci\u00f3n se ha integrado asimismo en la C\u00e1tedra.\u00a0<\/p>\t\t\t\t\t\t<\/div>\n\t\t\t\t<\/div>\n\t\t\t\t\t<\/div>\n\t\t<\/div>\n\t\t\t\t\t<\/div>\n\t\t<\/section>\n\t\t\t\t<\/div>\n\t\t","protected":false},"excerpt":{"rendered":"<p>Estructura de la C\u00e1tedra La c\u00e1tedra se trata de un proyecto abierto e inclusivo, cuya consecuci\u00f3n de sus objetivos se pretenden alcanzar con la complementaria colaboraci\u00f3n de diferentes instituciones y entidades p\u00fablicas y privadas localizadas en su \u00e1mbito geogr\u00e1fico de estudio. Entidades p\u00fablicas y empresas que ya se han integrado en la c\u00e1tedra Poblaci\u00f3n, Vinculaci\u00f3n [&hellip;]<\/p>\n","protected":false},"author":2,"featured_media":0,"parent":0,"menu_order":0,"comment_status":"closed","ping_status":"closed","template":"","meta":{"footnotes":""},"_links":{"self":[{"href":"https:\/\/catedravinculacionydesarrollo.es\/index.php\/wp-json\/wp\/v2\/pages\/498"}],"collection":[{"href":"https:\/\/catedravinculacionydesarrollo.es\/index.php\/wp-json\/wp\/v2\/pages"}],"about":[{"href":"https:\/\/catedravinculacionydesarrollo.es\/index.php\/wp-json\/wp\/v2\/types\/page"}],"author":[{"embeddable":true,"href":"https:\/\/catedravinculacionydesarrollo.es\/index.php\/wp-json\/wp\/v2\/users\/2"}],"replies":[{"embeddable":true,"href":"https:\/\/catedravinculacionydesarrollo.es\/index.php\/wp-json\/wp\/v2\/comments?post=498"}],"version-history":[{"count":22,"href":"https:\/\/catedravinculacionydesarrollo.es\/index.php\/wp-json\/wp\/v2\/pages\/498\/revisions"}],"predecessor-version":[{"id":2323,"href":"https:\/\/catedravinculacionydesarrollo.es\/index.php\/wp-json\/wp\/v2\/pages\/498\/revisions\/2323"}],"wp:attachment":[{"href":"https:\/\/catedravinculacionydesarrollo.es\/index.php\/wp-json\/wp\/v2\/media?parent=498"}],"curies":[{"name":"wp","href":"https:\/\/api.w.org\/{rel}","templated":true}]}}