{"id":101,"date":"2021-11-28T02:22:17","date_gmt":"2021-11-28T02:22:17","guid":{"rendered":"http:\/\/catedravinculacionydesarrollo.es\/?page_id=101"},"modified":"2021-12-06T16:44:10","modified_gmt":"2021-12-06T16:44:10","slug":"presentacion","status":"publish","type":"page","link":"https:\/\/catedravinculacionydesarrollo.es\/index.php\/presentacion\/","title":{"rendered":"C\u00e1tedra Poblaci\u00f3n Vinculaci\u00f3n y Desarrollo"},"content":{"rendered":"\t\t<div data-elementor-type=\"wp-page\" data-elementor-id=\"101\" class=\"elementor elementor-101\" data-elementor-post-type=\"page\">\n\t\t\t\t\t\t<section class=\"elementor-section elementor-top-section elementor-element elementor-element-cfd6cd6 elementor-section-boxed elementor-section-height-default elementor-section-height-default\" data-id=\"cfd6cd6\" data-element_type=\"section\">\n\t\t\t\t\t\t<div class=\"elementor-container elementor-column-gap-default\">\n\t\t\t\t\t<div class=\"elementor-column elementor-col-100 elementor-top-column elementor-element elementor-element-6a87d93\" data-id=\"6a87d93\" data-element_type=\"column\">\n\t\t\t<div class=\"elementor-widget-wrap elementor-element-populated\">\n\t\t\t\t\t\t<div class=\"elementor-element elementor-element-b7856ed elementor-widget elementor-widget-spacer\" data-id=\"b7856ed\" data-element_type=\"widget\" data-widget_type=\"spacer.default\">\n\t\t\t\t<div class=\"elementor-widget-container\">\n\t\t\t<style>\/*! elementor - v3.22.0 - 17-06-2024 *\/\n.elementor-column .elementor-spacer-inner{height:var(--spacer-size)}.e-con{--container-widget-width:100%}.e-con-inner>.elementor-widget-spacer,.e-con>.elementor-widget-spacer{width:var(--container-widget-width,var(--spacer-size));--align-self:var(--container-widget-align-self,initial);--flex-shrink:0}.e-con-inner>.elementor-widget-spacer>.elementor-widget-container,.e-con>.elementor-widget-spacer>.elementor-widget-container{height:100%;width:100%}.e-con-inner>.elementor-widget-spacer>.elementor-widget-container>.elementor-spacer,.e-con>.elementor-widget-spacer>.elementor-widget-container>.elementor-spacer{height:100%}.e-con-inner>.elementor-widget-spacer>.elementor-widget-container>.elementor-spacer>.elementor-spacer-inner,.e-con>.elementor-widget-spacer>.elementor-widget-container>.elementor-spacer>.elementor-spacer-inner{height:var(--container-widget-height,var(--spacer-size))}.e-con-inner>.elementor-widget-spacer.elementor-widget-empty,.e-con>.elementor-widget-spacer.elementor-widget-empty{position:relative;min-height:22px;min-width:22px}.e-con-inner>.elementor-widget-spacer.elementor-widget-empty .elementor-widget-empty-icon,.e-con>.elementor-widget-spacer.elementor-widget-empty .elementor-widget-empty-icon{position:absolute;top:0;bottom:0;left:0;right:0;margin:auto;padding:0;width:22px;height:22px}<\/style>\t\t<div class=\"elementor-spacer\">\n\t\t\t<div class=\"elementor-spacer-inner\"><\/div>\n\t\t<\/div>\n\t\t\t\t<\/div>\n\t\t\t\t<\/div>\n\t\t\t\t\t<\/div>\n\t\t<\/div>\n\t\t\t\t\t<\/div>\n\t\t<\/section>\n\t\t\t\t<section class=\"elementor-section elementor-top-section elementor-element elementor-element-e1b301a elementor-section-boxed elementor-section-height-default elementor-section-height-default\" data-id=\"e1b301a\" data-element_type=\"section\">\n\t\t\t\t\t\t<div class=\"elementor-container elementor-column-gap-default\">\n\t\t\t\t\t<div class=\"elementor-column elementor-col-100 elementor-top-column elementor-element elementor-element-a5841d7\" data-id=\"a5841d7\" data-element_type=\"column\">\n\t\t\t<div class=\"elementor-widget-wrap elementor-element-populated\">\n\t\t\t\t\t\t<div class=\"elementor-element elementor-element-bf4a83f elementor-widget elementor-widget-text-editor\" data-id=\"bf4a83f\" data-element_type=\"widget\" data-widget_type=\"text-editor.default\">\n\t\t\t\t<div class=\"elementor-widget-container\">\n\t\t\t<style>\/*! elementor - v3.22.0 - 17-06-2024 *\/\n.elementor-widget-text-editor.elementor-drop-cap-view-stacked .elementor-drop-cap{background-color:#69727d;color:#fff}.elementor-widget-text-editor.elementor-drop-cap-view-framed .elementor-drop-cap{color:#69727d;border:3px solid;background-color:transparent}.elementor-widget-text-editor:not(.elementor-drop-cap-view-default) .elementor-drop-cap{margin-top:8px}.elementor-widget-text-editor:not(.elementor-drop-cap-view-default) .elementor-drop-cap-letter{width:1em;height:1em}.elementor-widget-text-editor .elementor-drop-cap{float:left;text-align:center;line-height:1;font-size:50px}.elementor-widget-text-editor .elementor-drop-cap-letter{display:inline-block}<\/style>\t\t\t\t<p>La UNED impulsa la creaci\u00f3n de c\u00e1tedras o aulas conjuntas entre la universidad, la empresa, instituciones, asociaciones o fundaciones para la formalizaci\u00f3n y desarrollo de acuerdos de colaboraci\u00f3n duradera en temas de inter\u00e9s com\u00fan mediante actividades de investigaci\u00f3n, transferencia, formaci\u00f3n o difusi\u00f3n del conocimiento cient\u00edfico y tecnol\u00f3gico.<\/p><p>\u00a0<\/p><p><img fetchpriority=\"high\" decoding=\"async\" class=\"aligncenter wp-image-313\" src=\"http:\/\/catedravinculacionydesarrollo.es\/wp-content\/uploads\/2021\/11\/cropped-catedraa-scaled-1-1024x363.jpg\" alt=\"\" width=\"400\" height=\"142\" srcset=\"https:\/\/catedravinculacionydesarrollo.es\/wp-content\/uploads\/2021\/11\/cropped-catedraa-scaled-1-1024x363.jpg 1024w, https:\/\/catedravinculacionydesarrollo.es\/wp-content\/uploads\/2021\/11\/cropped-catedraa-scaled-1-300x106.jpg 300w, https:\/\/catedravinculacionydesarrollo.es\/wp-content\/uploads\/2021\/11\/cropped-catedraa-scaled-1-768x272.jpg 768w, https:\/\/catedravinculacionydesarrollo.es\/wp-content\/uploads\/2021\/11\/cropped-catedraa-scaled-1-1536x545.jpg 1536w, https:\/\/catedravinculacionydesarrollo.es\/wp-content\/uploads\/2021\/11\/cropped-catedraa-scaled-1-2048x726.jpg 2048w\" sizes=\"(max-width: 400px) 100vw, 400px\" \/><\/p><p>En esta filosof\u00eda se ha dado la creaci\u00f3n de la <strong>C\u00e1tedra de <em>Poblaci\u00f3n, Vinculaci\u00f3n y Desarrollo<\/em> <\/strong>en la que se unen el Centro Asociado de la UNED en Zamora, preocupado desde hace a\u00f1os por la realidad demogr\u00e1fica, la poblaci\u00f3n vinculada y el potencial de \u00e9sta para el desarrollo y el futuro de nuestra provincia y nuestra regi\u00f3n, as\u00ed como \u00a0de la Espa\u00f1a rural en general, a una serie de instituciones, organismos y empresas implicados en el progreso de los citados \u00e1mbitos de referencia, y con los que en algunas ocasiones la colaboraci\u00f3n tiene una larga trayectoria.<\/p><p>El proyecto trata de aunar la capacidad cient\u00edfico-t\u00e9cnica de la UNED y los recursos aportados por los miembros, para implementar un trabajo que sit\u00fae el conocimiento al servicio del desarrollo de nuestro entorno m\u00e1s cercano y del mundo rural espa\u00f1ol, una filosof\u00eda de trabajo que permita un mejor aprovechamiento de los recursos empleados y la m\u00e1xima difusi\u00f3n de los resultados obtenidos.<\/p>\t\t\t\t\t\t<\/div>\n\t\t\t\t<\/div>\n\t\t\t\t\t<\/div>\n\t\t<\/div>\n\t\t\t\t\t<\/div>\n\t\t<\/section>\n\t\t\t\t<\/div>\n\t\t","protected":false},"excerpt":{"rendered":"<p>La UNED impulsa la creaci\u00f3n de c\u00e1tedras o aulas conjuntas entre la universidad, la empresa, instituciones, asociaciones o fundaciones para la formalizaci\u00f3n y desarrollo de acuerdos de colaboraci\u00f3n duradera en temas de inter\u00e9s com\u00fan mediante actividades de investigaci\u00f3n, transferencia, formaci\u00f3n o difusi\u00f3n del conocimiento cient\u00edfico y tecnol\u00f3gico. \u00a0 En esta filosof\u00eda se ha dado la [&hellip;]<\/p>\n","protected":false},"author":2,"featured_media":0,"parent":0,"menu_order":0,"comment_status":"closed","ping_status":"closed","template":"","meta":{"footnotes":""},"_links":{"self":[{"href":"https:\/\/catedravinculacionydesarrollo.es\/index.php\/wp-json\/wp\/v2\/pages\/101"}],"collection":[{"href":"https:\/\/catedravinculacionydesarrollo.es\/index.php\/wp-json\/wp\/v2\/pages"}],"about":[{"href":"https:\/\/catedravinculacionydesarrollo.es\/index.php\/wp-json\/wp\/v2\/types\/page"}],"author":[{"embeddable":true,"href":"https:\/\/catedravinculacionydesarrollo.es\/index.php\/wp-json\/wp\/v2\/users\/2"}],"replies":[{"embeddable":true,"href":"https:\/\/catedravinculacionydesarrollo.es\/index.php\/wp-json\/wp\/v2\/comments?post=101"}],"version-history":[{"count":41,"href":"https:\/\/catedravinculacionydesarrollo.es\/index.php\/wp-json\/wp\/v2\/pages\/101\/revisions"}],"predecessor-version":[{"id":653,"href":"https:\/\/catedravinculacionydesarrollo.es\/index.php\/wp-json\/wp\/v2\/pages\/101\/revisions\/653"}],"wp:attachment":[{"href":"https:\/\/catedravinculacionydesarrollo.es\/index.php\/wp-json\/wp\/v2\/media?parent=101"}],"curies":[{"name":"wp","href":"https:\/\/api.w.org\/{rel}","templated":true}]}}